{"id":183,"date":"2018-09-18T21:44:48","date_gmt":"2018-09-19T02:44:48","guid":{"rendered":"http:\/\/invitrosanmartin.org.pe\/?page_id=183"},"modified":"2024-08-27T23:34:28","modified_gmt":"2024-08-28T04:34:28","slug":"pre-congreso","status":"publish","type":"page","link":"http:\/\/invitrosanmartin.org.pe\/index.php\/pre-congreso\/","title":{"rendered":"Pre congreso"},"content":{"rendered":"<h2 style=\"text-align: center;\"><span style=\"color: #ff6600;\"><strong>Historia Natural y Diversidad de Orqu\u00eddeas<\/strong><\/span><\/h2>\n\n\n<p class=\"has-medium-font-size\"><strong>Docente: Dr. Gerardo A. Salazar Ch\u00e1vez<\/strong><\/p>\n\n\n\n<p class=\"has-medium-font-size\">Investigador Titular, Departamento de Bot\u00e1nica, Instituto de Biolog\u00eda, Universidad Nacional Aut\u00f3noma de M\u00e9xico<\/p>\n\n\n\n<p class=\"has-medium-font-size\">Lugar: Centro de Capacitaci\u00f3n en Conservaci\u00f3n y Desarrollo Sostenible (CDS) \u2013 Oxapampa<\/p>\n\n\n\n<p class=\"has-medium-font-size\">Fecha: 5 y 6 de octubre 2024 Oxapampa<\/p>\n\n\n\n<p class=\"has-medium-font-size\">Cupos solo para 20 alumnos<\/p>\n\n\n\n<p class=\"has-medium-font-size\"><strong>Costo: 450 soles<\/strong><\/p>\n\n\n\n<p class=\"has-medium-font-size\"><strong>Programa:<\/strong><\/p>\n\n\n\n<figure class=\"wp-block-image size-full is-resized\"><img loading=\"lazy\" decoding=\"async\" width=\"946\" height=\"679\" src=\"https:\/\/invitrosanmartin.org.pe\/wp-content\/uploads\/2024\/01\/image.png\" alt=\"\" class=\"wp-image-559\" style=\"width:941px;height:auto\" srcset=\"http:\/\/invitrosanmartin.org.pe\/wp-content\/uploads\/2024\/01\/image.png 946w, http:\/\/invitrosanmartin.org.pe\/wp-content\/uploads\/2024\/01\/image-300x215.png 300w, http:\/\/invitrosanmartin.org.pe\/wp-content\/uploads\/2024\/01\/image-768x551.png 768w\" sizes=\"auto, (max-width: 767px) 89vw, (max-width: 1000px) 54vw, (max-width: 1071px) 543px, 580px\" \/><\/figure>\n\n\n\n<p class=\"has-medium-font-size\"><strong>Notas:<\/strong><\/p>\n\n\n\n<p class=\"has-medium-font-size\">1) El costo del taller incluye alojamiento, materiales, transporte de ida y vuelta de Oxapampa al CDS y certificado.<\/p>\n\n\n\n<p class=\"has-medium-font-size\">2) Los participantes deben estar previamente inscritos el III CPO (https:\/\/invitrosanmartin.org.pe\/index.php\/inscripciones\/)<\/p>\n\n\n\n<p class=\"has-medium-font-size\">3) Los interesados deben enviar un mensaje al Comit\u00e9 Organizador indicando brevemente su nivel acad\u00e9mico o laboral y comentando c\u00f3mo su participaci\u00f3n le beneficiar\u00e1 profesionalmente (congreso.orquideologia@gmail.com).<\/p>\n\n\n\n<p class=\"has-medium-font-size\">4) Solo los participantes que acrediten la evaluaci\u00f3n final con un puntaje igual o mayor a 16\/20 recibir\u00e1n certificado.<\/p>\n\n\n\n<p class=\"has-medium-font-size\">5) Los participantes deber\u00e1 llegar al CDS la noche previa al inicio del taller (4 de octubre).<\/p>\n\n\n\n<p>INSTALACIONES DEL CDS <\/p>\n\n\n\n<figure class=\"wp-block-image size-large is-resized\"><img loading=\"lazy\" decoding=\"async\" width=\"1024\" height=\"768\" src=\"https:\/\/invitrosanmartin.org.pe\/wp-content\/uploads\/2024\/01\/WhatsApp-Image-2024-01-11-at-10.41.50-1024x768.jpeg\" alt=\"\" class=\"wp-image-569\" style=\"width:903px;height:auto\" srcset=\"http:\/\/invitrosanmartin.org.pe\/wp-content\/uploads\/2024\/01\/WhatsApp-Image-2024-01-11-at-10.41.50-1024x768.jpeg 1024w, http:\/\/invitrosanmartin.org.pe\/wp-content\/uploads\/2024\/01\/WhatsApp-Image-2024-01-11-at-10.41.50-300x225.jpeg 300w, http:\/\/invitrosanmartin.org.pe\/wp-content\/uploads\/2024\/01\/WhatsApp-Image-2024-01-11-at-10.41.50-768x576.jpeg 768w, http:\/\/invitrosanmartin.org.pe\/wp-content\/uploads\/2024\/01\/WhatsApp-Image-2024-01-11-at-10.41.50.jpeg 1280w\" sizes=\"auto, (max-width: 767px) 89vw, (max-width: 1000px) 54vw, (max-width: 1071px) 543px, 580px\" \/><\/figure>\n\n\n\n<figure class=\"wp-block-image size-full is-resized\"><img loading=\"lazy\" decoding=\"async\" width=\"1024\" height=\"433\" src=\"https:\/\/invitrosanmartin.org.pe\/wp-content\/uploads\/2024\/01\/WhatsApp-Image-2024-01-11-at-10.41.51.jpeg\" alt=\"\" class=\"wp-image-570\" style=\"width:905px;height:auto\" srcset=\"http:\/\/invitrosanmartin.org.pe\/wp-content\/uploads\/2024\/01\/WhatsApp-Image-2024-01-11-at-10.41.51.jpeg 1024w, http:\/\/invitrosanmartin.org.pe\/wp-content\/uploads\/2024\/01\/WhatsApp-Image-2024-01-11-at-10.41.51-300x127.jpeg 300w, http:\/\/invitrosanmartin.org.pe\/wp-content\/uploads\/2024\/01\/WhatsApp-Image-2024-01-11-at-10.41.51-768x325.jpeg 768w\" sizes=\"auto, (max-width: 767px) 89vw, (max-width: 1000px) 54vw, (max-width: 1071px) 543px, 580px\" \/><\/figure>\n\n\n\n<figure class=\"wp-block-image size-full is-resized\"><img loading=\"lazy\" decoding=\"async\" width=\"940\" height=\"788\" src=\"https:\/\/invitrosanmartin.org.pe\/wp-content\/uploads\/2024\/08\/32.png\" alt=\"\" class=\"wp-image-633\" style=\"width:903px;height:auto\" srcset=\"http:\/\/invitrosanmartin.org.pe\/wp-content\/uploads\/2024\/08\/32.png 940w, http:\/\/invitrosanmartin.org.pe\/wp-content\/uploads\/2024\/08\/32-300x251.png 300w, http:\/\/invitrosanmartin.org.pe\/wp-content\/uploads\/2024\/08\/32-768x644.png 768w\" sizes=\"auto, (max-width: 767px) 89vw, (max-width: 1000px) 54vw, (max-width: 1071px) 543px, 580px\" \/><\/figure>\n","protected":false},"excerpt":{"rendered":"<p>Historia Natural y Diversidad de Orqu\u00eddeas Docente: Dr. Gerardo A. Salazar Ch\u00e1vez Investigador Titular, Departamento de Bot\u00e1nica, Instituto de Biolog\u00eda, Universidad Nacional Aut\u00f3noma de M\u00e9xico Lugar: Centro de Capacitaci\u00f3n en Conservaci\u00f3n y Desarrollo Sostenible (CDS) \u2013 Oxapampa Fecha: 5 y 6 de octubre 2024 Oxapampa Cupos solo para 20 alumnos Costo: 450 soles Programa: Notas: &hellip; <\/p>\n<p class=\"link-more\"><a href=\"http:\/\/invitrosanmartin.org.pe\/index.php\/pre-congreso\/\" class=\"more-link\">Continue reading<span class=\"screen-reader-text\"> \u00abPre congreso\u00bb<\/span><\/a><\/p>\n","protected":false},"author":1,"featured_media":0,"parent":0,"menu_order":0,"comment_status":"closed","ping_status":"closed","template":"","meta":{"footnotes":""},"class_list":["post-183","page","type-page","status-publish","hentry"],"_links":{"self":[{"href":"http:\/\/invitrosanmartin.org.pe\/index.php\/wp-json\/wp\/v2\/pages\/183","targetHints":{"allow":["GET"]}}],"collection":[{"href":"http:\/\/invitrosanmartin.org.pe\/index.php\/wp-json\/wp\/v2\/pages"}],"about":[{"href":"http:\/\/invitrosanmartin.org.pe\/index.php\/wp-json\/wp\/v2\/types\/page"}],"author":[{"embeddable":true,"href":"http:\/\/invitrosanmartin.org.pe\/index.php\/wp-json\/wp\/v2\/users\/1"}],"replies":[{"embeddable":true,"href":"http:\/\/invitrosanmartin.org.pe\/index.php\/wp-json\/wp\/v2\/comments?post=183"}],"version-history":[{"count":19,"href":"http:\/\/invitrosanmartin.org.pe\/index.php\/wp-json\/wp\/v2\/pages\/183\/revisions"}],"predecessor-version":[{"id":634,"href":"http:\/\/invitrosanmartin.org.pe\/index.php\/wp-json\/wp\/v2\/pages\/183\/revisions\/634"}],"wp:attachment":[{"href":"http:\/\/invitrosanmartin.org.pe\/index.php\/wp-json\/wp\/v2\/media?parent=183"}],"curies":[{"name":"wp","href":"https:\/\/api.w.org\/{rel}","templated":true}]}}